{"id":1482,"date":"2023-09-02T09:04:41","date_gmt":"2023-09-02T09:04:41","guid":{"rendered":"https:\/\/www.sklepdiagnostyczny.pl\/?post_type=product&#038;p=1482"},"modified":"2023-09-02T09:07:33","modified_gmt":"2023-09-02T09:07:33","slug":"agco-bez-komputera-2","status":"publish","type":"product","link":"https:\/\/www.sklepdiagnostyczny.pl\/index.php\/produkt\/agco-bez-komputera-2\/","title":{"rendered":"AGCO bez komputera"},"content":{"rendered":"<p>Zestaw Diagnostyczny do maszyn Fendt\/Massey Ferguson\/Valtra\/Sisu. Przy jego pomocy mo\u017cemy przeprowadzi\u0107:<br \/>\n&#8211; Diagnostyk\u0119<br \/>\n&#8211; Odczyt warto\u015bci pomiarowych<br \/>\n&#8211; Identyfikacja sterownik\u00f3w i poprawno\u015b\u0107 dzia\u0142ania<br \/>\n&#8211; Testy silnika, skrzyni bieg\u00f3w, element\u00f3w hydraulicznych i pneumatycznych<br \/>\n&#8211; Kalibracje podzespo\u0142\u00f3w<br \/>\n&#8211; Regulacje \/ Kodowanie \/ Programowanie<br \/>\n&#8211; Odczyt\/Zapis parametr\u00f3w<br \/>\n&#8211; Kasowanie przegl\u0105d\u00f3w \/ inspekcji serwisowych Zestaw<\/p>\n<p>Zestaw zawiera:<br \/>\n\u00b7 Tester diagnostyczny 2&#215;4 CAN<br \/>\n\u00b7 Kabel Massey Ferguson 2 x 7-pin\/9-pin Deutsch<br \/>\n\u00b7 Kabel Fendt 7-pin \/ 2 x 4-pin<br \/>\n\u00b7 Kabel Fendt (silniki Deutz) 4-pin \/ 12-pin<br \/>\n\u00b7 Kabel Massey Ferguson i Valtra 7-pin \/ 16-pin<\/p>\n<p>Lista obs\u0142ugiwanych modeli zawiera najbardziej popularne pozycje. Je\u017celi nie mog\u0105 Pa\u0144stwo znale\u017a\u0107 konkretnego modelu prosimy o kontakt i potwierdzimy czy jest obs\u0142ugiwany (w 99% przypadkach TAK).<\/p>\n","protected":false},"excerpt":{"rendered":"<p>Zestaw Diagnostyczny do maszyn Fendt\/Massey Ferguson\/Valtra\/Sisu. Przy jego pomocy mo\u017cemy przeprowadzi\u0107:<br \/>\n&#8211; Diagnostyk\u0119<br \/>\n&#8211; Odczyt warto\u015bci pomiarowych<br \/>\n&#8211; Identyfikacja sterownik\u00f3w i poprawno\u015b\u0107 dzia\u0142ania<br \/>\n&#8211; Testy silnika, skrzyni bieg\u00f3w, element\u00f3w hydraulicznych i pneumatycznych<br \/>\n&#8211; Kalibracje podzespo\u0142\u00f3w<br \/>\n&#8211; Regulacje \/ Kodowanie \/ Programowanie<br \/>\n&#8211; Odczyt\/Zapis parametr\u00f3w<br \/>\n&#8211; Kasowanie przegl\u0105d\u00f3w \/ inspekcji serwisowych Zestaw<\/p>\n","protected":false},"featured_media":1483,"comment_status":"open","ping_status":"closed","template":"","meta":[],"product_cat":[31,34,26],"product_tag":[],"_links":{"self":[{"href":"https:\/\/www.sklepdiagnostyczny.pl\/index.php\/wp-json\/wp\/v2\/product\/1482"}],"collection":[{"href":"https:\/\/www.sklepdiagnostyczny.pl\/index.php\/wp-json\/wp\/v2\/product"}],"about":[{"href":"https:\/\/www.sklepdiagnostyczny.pl\/index.php\/wp-json\/wp\/v2\/types\/product"}],"replies":[{"embeddable":true,"href":"https:\/\/www.sklepdiagnostyczny.pl\/index.php\/wp-json\/wp\/v2\/comments?post=1482"}],"wp:featuredmedia":[{"embeddable":true,"href":"https:\/\/www.sklepdiagnostyczny.pl\/index.php\/wp-json\/wp\/v2\/media\/1483"}],"wp:attachment":[{"href":"https:\/\/www.sklepdiagnostyczny.pl\/index.php\/wp-json\/wp\/v2\/media?parent=1482"}],"wp:term":[{"taxonomy":"product_cat","embeddable":true,"href":"https:\/\/www.sklepdiagnostyczny.pl\/index.php\/wp-json\/wp\/v2\/product_cat?post=1482"},{"taxonomy":"product_tag","embeddable":true,"href":"https:\/\/www.sklepdiagnostyczny.pl\/index.php\/wp-json\/wp\/v2\/product_tag?post=1482"}],"curies":[{"name":"wp","href":"https:\/\/api.w.org\/{rel}","templated":true}]}}