{"id":1367,"date":"2023-08-29T05:28:33","date_gmt":"2023-08-29T05:28:33","guid":{"rendered":"http:\/\/www.sklepdiagnostyczny.pl\/?post_type=product&#038;p=1367"},"modified":"2023-09-01T07:46:43","modified_gmt":"2023-09-01T07:46:43","slug":"deutz-fahr-bez-komputera","status":"publish","type":"product","link":"https:\/\/www.sklepdiagnostyczny.pl\/index.php\/produkt\/deutz-fahr-bez-komputera\/","title":{"rendered":"Deutz-Fahr bez komputera"},"content":{"rendered":"<p>Zestaw Diagnostyczny do maszyn Deutz Fahr\/Same\/Lamborghini. Przy jego pomocy mo\u017cemy przeprowadzi\u0107:<br \/>\n&#8211; Diagnostyk\u0119<br \/>\n&#8211; Odczyt warto\u015bci pomiarowych<br \/>\n&#8211; Identyfikacja sterownik\u00f3w i poprawno\u015b\u0107 dzia\u0142ania<br \/>\n&#8211; Testy silnika, skrzyni bieg\u00f3w, element\u00f3w hydraulicznych i pneumatycznych<br \/>\n&#8211; Kalibracje podzespo\u0142\u00f3w<br \/>\n&#8211; Regulacje \/ Kodowanie \/ Programowanie<br \/>\n&#8211; Odczyt\/Zapis parametr\u00f3w<br \/>\n&#8211; Kasowanie przegl\u0105d\u00f3w \/ inspekcji serwisowych<\/p>\n<p>Kompatybilno\u015b\u0107 z oprogramowaniem EDS pozwala na pe\u0142ne po\u0142\u0105czenie urz\u0105dzenia z maszynami.<\/p>\n<p>Zestaw zawiera:<br \/>\n\u00b7 Tester diagnostyczny<br \/>\n\u00b7 Okablowanie<br \/>\n\u00b7 Port USB<\/p>\n<p>Lista obs\u0142ugiwanych modeli zawiera najbardziej popularne pozycje. Je\u017celi nie mog\u0105 Pa\u0144stwo znale\u017a\u0107 konkretnego modelu prosimy o kontakt i potwierdzimy czy jest obs\u0142ugiwany (w 99% przypadkach TAK).<\/p>\n","protected":false},"excerpt":{"rendered":"<p>Zestaw Diagnostyczny do maszyn Deutz Fahr\/Same\/Lamborghini. Przy jego pomocy mo\u017cemy przeprowadzi\u0107:<br \/>\n&#8211; Diagnostyk\u0119<br \/>\n&#8211; Odczyt warto\u015bci pomiarowych<br \/>\n&#8211; Identyfikacja sterownik\u00f3w i poprawno\u015b\u0107 dzia\u0142ania<br \/>\n&#8211; Testy silnika, skrzyni bieg\u00f3w, element\u00f3w hydraulicznych i pneumatycznych<br \/>\n&#8211; Kalibracje podzespo\u0142\u00f3w<br \/>\n&#8211; Regulacje \/ Kodowanie \/ Programowanie<br \/>\n&#8211; Odczyt\/Zapis parametr\u00f3w<br \/>\n&#8211; Kasowanie przegl\u0105d\u00f3w \/ inspekcji serwisowych<\/p>\n","protected":false},"featured_media":1368,"comment_status":"open","ping_status":"closed","template":"","meta":[],"product_cat":[34,32,26],"product_tag":[],"_links":{"self":[{"href":"https:\/\/www.sklepdiagnostyczny.pl\/index.php\/wp-json\/wp\/v2\/product\/1367"}],"collection":[{"href":"https:\/\/www.sklepdiagnostyczny.pl\/index.php\/wp-json\/wp\/v2\/product"}],"about":[{"href":"https:\/\/www.sklepdiagnostyczny.pl\/index.php\/wp-json\/wp\/v2\/types\/product"}],"replies":[{"embeddable":true,"href":"https:\/\/www.sklepdiagnostyczny.pl\/index.php\/wp-json\/wp\/v2\/comments?post=1367"}],"wp:featuredmedia":[{"embeddable":true,"href":"https:\/\/www.sklepdiagnostyczny.pl\/index.php\/wp-json\/wp\/v2\/media\/1368"}],"wp:attachment":[{"href":"https:\/\/www.sklepdiagnostyczny.pl\/index.php\/wp-json\/wp\/v2\/media?parent=1367"}],"wp:term":[{"taxonomy":"product_cat","embeddable":true,"href":"https:\/\/www.sklepdiagnostyczny.pl\/index.php\/wp-json\/wp\/v2\/product_cat?post=1367"},{"taxonomy":"product_tag","embeddable":true,"href":"https:\/\/www.sklepdiagnostyczny.pl\/index.php\/wp-json\/wp\/v2\/product_tag?post=1367"}],"curies":[{"name":"wp","href":"https:\/\/api.w.org\/{rel}","templated":true}]}}