{"id":1357,"date":"2023-08-29T05:05:38","date_gmt":"2023-08-29T05:05:38","guid":{"rendered":"http:\/\/www.sklepdiagnostyczny.pl\/?post_type=product&#038;p=1357"},"modified":"2023-09-01T07:50:29","modified_gmt":"2023-09-01T07:50:29","slug":"claas-renault-z-komputerem-zaawansowanym","status":"publish","type":"product","link":"https:\/\/www.sklepdiagnostyczny.pl\/index.php\/produkt\/claas-renault-z-komputerem-zaawansowanym\/","title":{"rendered":"Claas + Renault z komputerem zaawansowanym"},"content":{"rendered":"<p>Zestaw Diagnostyczny do maszyn marki Claas oraz starszych maszyn pod szyldem Renault. Za jego pomoc\u0105 mo\u017cemy diagnozowa\u0107 ci\u0105gniki Renault oraz maszyny marki Claas.<br \/>\nZestaw umo\u017cliwia:<br \/>\n&#8211; Diagnostyk\u0119<br \/>\n&#8211; Odczyt warto\u015bci pomiarowych<br \/>\n&#8211; Identyfikacja sterownik\u00f3w i poprawno\u015b\u0107 dzia\u0142ania<br \/>\n&#8211; Testy silnika, skrzyni bieg\u00f3w, element\u00f3w hydraulicznych i pneumatycznych<br \/>\n&#8211; Kalibracje podzespo\u0142\u00f3w<br \/>\n&#8211; Regulacje \/ Kodowanie \/ Programowanie<br \/>\n&#8211; Odczyt\/Zapis parametr\u00f3w<br \/>\n&#8211; Kasowanie przegl\u0105d\u00f3w \/ inspekcji serwisowych<br \/>\nDodatkowo za pomoc\u0105 zestawu mo\u017cna zmieni\u0107 nastawy i programowa\u0107 zapisane ustawienia, takie jak pr\u0119dko\u015b\u0107 maksymalna, motogodziny pracy poszczeg\u00f3lnych zespo\u0142\u00f3w czy ca\u0142ej maszyny.<\/p>\n<p>Lista obs\u0142ugiwanych modeli zawiera najbardziej popularne pozycje. Je\u017celi nie mog\u0105 Pa\u0144stwo znale\u017a\u0107 konkretnego modelu prosimy o kontakt i potwierdzimy czy jest obs\u0142ugiwany (w 99% przypadkach TAK).<\/p>\n","protected":false},"excerpt":{"rendered":"<p>Zestaw Diagnostyczny do maszyn marki Claas oraz starszych maszyn pod szyldem Renault. Za jego pomoc\u0105 mo\u017cemy diagnozowa\u0107 ci\u0105gniki Renault oraz maszyny marki Claas.<\/p>\n","protected":false},"featured_media":1334,"comment_status":"open","ping_status":"closed","template":"","meta":[],"product_cat":[29,26],"product_tag":[],"_links":{"self":[{"href":"https:\/\/www.sklepdiagnostyczny.pl\/index.php\/wp-json\/wp\/v2\/product\/1357"}],"collection":[{"href":"https:\/\/www.sklepdiagnostyczny.pl\/index.php\/wp-json\/wp\/v2\/product"}],"about":[{"href":"https:\/\/www.sklepdiagnostyczny.pl\/index.php\/wp-json\/wp\/v2\/types\/product"}],"replies":[{"embeddable":true,"href":"https:\/\/www.sklepdiagnostyczny.pl\/index.php\/wp-json\/wp\/v2\/comments?post=1357"}],"wp:featuredmedia":[{"embeddable":true,"href":"https:\/\/www.sklepdiagnostyczny.pl\/index.php\/wp-json\/wp\/v2\/media\/1334"}],"wp:attachment":[{"href":"https:\/\/www.sklepdiagnostyczny.pl\/index.php\/wp-json\/wp\/v2\/media?parent=1357"}],"wp:term":[{"taxonomy":"product_cat","embeddable":true,"href":"https:\/\/www.sklepdiagnostyczny.pl\/index.php\/wp-json\/wp\/v2\/product_cat?post=1357"},{"taxonomy":"product_tag","embeddable":true,"href":"https:\/\/www.sklepdiagnostyczny.pl\/index.php\/wp-json\/wp\/v2\/product_tag?post=1357"}],"curies":[{"name":"wp","href":"https:\/\/api.w.org\/{rel}","templated":true}]}}