{"id":1350,"date":"2023-08-29T04:51:59","date_gmt":"2023-08-29T04:51:59","guid":{"rendered":"http:\/\/www.sklepdiagnostyczny.pl\/?post_type=product&#038;p=1350"},"modified":"2023-09-01T07:52:56","modified_gmt":"2023-09-01T07:52:56","slug":"john-deere-edl-v3-z-komputerem-podstawowym-1000-zl","status":"publish","type":"product","link":"https:\/\/www.sklepdiagnostyczny.pl\/index.php\/produkt\/john-deere-edl-v3-z-komputerem-podstawowym-1000-zl\/","title":{"rendered":"John Deere EDL v3 z komputerem podstawowym"},"content":{"rendered":"<p>Urz\u0105dzenie Diagnostyczne Electronic Data Link v3 do maszyn John Deere<br \/>\nEDL V3 jest nowym, fabrycznym testerem serwisowym przeznaczonym do ca\u0142o\u015bciowej diagnostyki i naprawy wszystkich podsystem\u00f3w w maszynach marki John Deere. Zar\u00f3wno w maszynach ROLNICZYCH, BUDOWLANYCH jak i LE\u015aNYCH. G\u0142owica umo\u017cliwia \u0142\u0105czno\u015b\u0107 bezprzewodow\u0105 oraz standardowe po\u0142\u0105czenie kablowe.<\/p>\n<p>Dzi\u0119ki urz\u0105dzeniu mo\u017cemy przegl\u0105da\u0107 polskie instrukcje serwisowe\/instrukcje napraw, korzysta\u0107 z danych DTAC (Dealer Technical Center), oraz korzysta\u0107 z pe\u0142nej funkcjonalno\u015bci, kt\u00f3ra umo\u017cliwia:<br \/>\n&#8211; Diagnostyk\u0119<br \/>\n&#8211; Odczyt warto\u015bci pomiarowych<br \/>\n&#8211; Identyfikacja sterownik\u00f3w i poprawno\u015b\u0107 dzia\u0142ania<br \/>\n&#8211; Testy silnika, skrzyni bieg\u00f3w, element\u00f3w hydraulicznych i pneumatycznych<br \/>\n&#8211; Kalibracje podzespo\u0142\u00f3w<br \/>\n&#8211; Regulacje \/ Kodowanie \/ Programowanie<br \/>\n&#8211; Odczyt\/Zapis parametr\u00f3w<br \/>\n&#8211; Kasowanie przegl\u0105d\u00f3w \/ inspekcji serwisowych<br \/>\nZestaw mo\u017cna rozszerzy\u0107 o wsady sterownik\u00f3w tj. pliki PLD.<br \/>\nZestaw obs\u0142uguje nie tylko maszyny marki John Deere, ale r\u00f3wnie\u017c:<br \/>\n\u00b7 Euclid (Construction and forestry models);<br \/>\n\u00b7 Frontier (Agriculture models, Commercial and consumer equipment);<br \/>\n\u00b7 GreenSystem (Agriculture models);<br \/>\n\u00b7 Hitachi (Construction and forestry models);<br \/>\n\u00b7 Timberjack (Construction and forestry models);<br \/>\n\u00b7 Waratah (Construction and forestry models);<br \/>\n\u00b7 XCG (Construction and forestry models).<\/p>\n<p>Zestaw zawiera:<br \/>\n\u00b7 Tester diagnostyczny EDL v3<br \/>\n\u00b7 Kabel USB<br \/>\n\u00b7 Kabel 9-pin Deutsch<br \/>\n\u00b7 Komputer przygotowany do pracy z g\u0142owic\u0105 EDL v3<\/p>\n<p>Lista obs\u0142ugiwanych modeli zawiera najbardziej popularne pozycje. Je\u017celi nie mog\u0105 Pa\u0144stwo znale\u017a\u0107 konkretnego modelu prosimy o kontakt i potwierdzimy czy jest obs\u0142ugiwany (w 99% przypadkach TAK).<\/p>\n","protected":false},"excerpt":{"rendered":"<p>Urz\u0105dzenie Diagnostyczne Electronic Data Link v3 do maszyn John Deere<br \/>\nEDL V3 jest nowym, fabrycznym testerem serwisowym przeznaczonym do ca\u0142o\u015bciowej diagnostyki i naprawy wszystkich podsystem\u00f3w w maszynach marki John Deere. Zar\u00f3wno w maszynach ROLNICZYCH, BUDOWLANYCH jak i LE\u015aNYCH. G\u0142owica umo\u017cliwia \u0142\u0105czno\u015b\u0107 bezprzewodow\u0105 oraz standardowe po\u0142\u0105czenie kablowe.<\/p>\n","protected":false},"featured_media":1346,"comment_status":"open","ping_status":"closed","template":"","meta":[],"product_cat":[26,27],"product_tag":[],"_links":{"self":[{"href":"https:\/\/www.sklepdiagnostyczny.pl\/index.php\/wp-json\/wp\/v2\/product\/1350"}],"collection":[{"href":"https:\/\/www.sklepdiagnostyczny.pl\/index.php\/wp-json\/wp\/v2\/product"}],"about":[{"href":"https:\/\/www.sklepdiagnostyczny.pl\/index.php\/wp-json\/wp\/v2\/types\/product"}],"replies":[{"embeddable":true,"href":"https:\/\/www.sklepdiagnostyczny.pl\/index.php\/wp-json\/wp\/v2\/comments?post=1350"}],"wp:featuredmedia":[{"embeddable":true,"href":"https:\/\/www.sklepdiagnostyczny.pl\/index.php\/wp-json\/wp\/v2\/media\/1346"}],"wp:attachment":[{"href":"https:\/\/www.sklepdiagnostyczny.pl\/index.php\/wp-json\/wp\/v2\/media?parent=1350"}],"wp:term":[{"taxonomy":"product_cat","embeddable":true,"href":"https:\/\/www.sklepdiagnostyczny.pl\/index.php\/wp-json\/wp\/v2\/product_cat?post=1350"},{"taxonomy":"product_tag","embeddable":true,"href":"https:\/\/www.sklepdiagnostyczny.pl\/index.php\/wp-json\/wp\/v2\/product_tag?post=1350"}],"curies":[{"name":"wp","href":"https:\/\/api.w.org\/{rel}","templated":true}]}}