{"id":1347,"date":"2023-08-29T04:45:24","date_gmt":"2023-08-29T04:45:24","guid":{"rendered":"http:\/\/www.sklepdiagnostyczny.pl\/?post_type=product&#038;p=1347"},"modified":"2026-04-05T07:08:32","modified_gmt":"2026-04-05T07:08:32","slug":"john-deere-edl-v2-z-komputerem-podstawowym","status":"publish","type":"product","link":"https:\/\/www.sklepdiagnostyczny.pl\/index.php\/produkt\/john-deere-edl-v2-z-komputerem-podstawowym\/","title":{"rendered":"John Deere EDL v2 Z komputerem podstawowym"},"content":{"rendered":"<p>Urz\u0105dzenie Diagnostyczne Electronic Data Link v2 do maszyn John Deere<br \/>\nEDL V2 jest fabrycznym testerem serwisowym przeznaczonym do ca\u0142o\u015bciowej diagnostyki i naprawy wszystkich podsystem\u00f3w w maszynach marki John Deere. Zar\u00f3wno w maszynach ROLNICZYCH, BUDOWLANYCH jak i LE\u015aNYCH.<\/p>\n<p>Dzi\u0119ki urz\u0105dzeniu mo\u017cemy przegl\u0105da\u0107 polskie instrukcje serwisowe\/instrukcje napraw, korzysta\u0107 z danych DTAC (Dealer Technical Center), oraz korzysta\u0107 z pe\u0142nej funkcjonalno\u015bci, kt\u00f3ra umo\u017cliwia:<br \/>\nDiagnostyk\u0119<br \/>\nOdczyt warto\u015bci pomiarowych<br \/>\nIdentyfikacja sterownik\u00f3w i poprawno\u015b\u0107 dzia\u0142ania<br \/>\nTesty silnika, skrzyni bieg\u00f3w, element\u00f3w hydraulicznych i pneumatycznych<br \/>\nKalibracje podzespo\u0142\u00f3w<br \/>\nRegulacje \/ Kodowanie \/ Programowanie<br \/>\nOdczyt\/Zapis parametr\u00f3w<br \/>\nKasowanie przegl\u0105d\u00f3w \/ inspekcji serwisowych<\/p>\n<p>Zestaw obs\u0142uguje nie tylko maszyny marki John Deere, ale r\u00f3wnie\u017c:<br \/>\n\u00b7 Euclid (Construction and forestry models);<br \/>\n\u00b7 Frontier (Agriculture models, Commercial and consumer equipment);<br \/>\n\u00b7 GreenSystem (Agriculture models);<br \/>\n\u00b7 Hitachi (Construction and forestry models);<br \/>\n\u00b7 Timberjack (Construction and forestry models);<br \/>\n\u00b7 Waratah (Construction and forestry models);<br \/>\n\u00b7 XCG (Construction and forestry models).<\/p>\n<p>Zestaw zawiera:<br \/>\n\u00b7 Tester diagnostyczny EDL v2<br \/>\n\u00b7 Kabel USB<br \/>\n\u00b7 Kabel 9-pin Deutch<br \/>\n\u00b7 Komputer przygotowany do pracy z g\u0142owic\u0105 EDL v2<\/p>\n<p>Lista obs\u0142ugiwanych modeli zawiera najbardziej popularne pozycje. Je\u017celi nie mog\u0105 Pa\u0144stwo znale\u017a\u0107 konkretnego modelu prosimy o kontakt i potwierdzimy czy jest obs\u0142ugiwany (w 99% przypadkach TAK).<\/p>\n","protected":false},"excerpt":{"rendered":"<p>Urz\u0105dzenie Diagnostyczne Electronic Data Link v2 do maszyn John Deere<br \/>\nEDL V2 jest fabrycznym testerem serwisowym przeznaczonym do ca\u0142o\u015bciowej diagnostyki i naprawy wszystkich podsystem\u00f3w w maszynach marki John Deere. Zar\u00f3wno w maszynach ROLNICZYCH, BUDOWLANYCH jak i LE\u015aNYCH.<\/p>\n","protected":false},"featured_media":1345,"comment_status":"open","ping_status":"closed","template":"","meta":[],"product_cat":[26,27],"product_tag":[],"_links":{"self":[{"href":"https:\/\/www.sklepdiagnostyczny.pl\/index.php\/wp-json\/wp\/v2\/product\/1347"}],"collection":[{"href":"https:\/\/www.sklepdiagnostyczny.pl\/index.php\/wp-json\/wp\/v2\/product"}],"about":[{"href":"https:\/\/www.sklepdiagnostyczny.pl\/index.php\/wp-json\/wp\/v2\/types\/product"}],"replies":[{"embeddable":true,"href":"https:\/\/www.sklepdiagnostyczny.pl\/index.php\/wp-json\/wp\/v2\/comments?post=1347"}],"wp:featuredmedia":[{"embeddable":true,"href":"https:\/\/www.sklepdiagnostyczny.pl\/index.php\/wp-json\/wp\/v2\/media\/1345"}],"wp:attachment":[{"href":"https:\/\/www.sklepdiagnostyczny.pl\/index.php\/wp-json\/wp\/v2\/media?parent=1347"}],"wp:term":[{"taxonomy":"product_cat","embeddable":true,"href":"https:\/\/www.sklepdiagnostyczny.pl\/index.php\/wp-json\/wp\/v2\/product_cat?post=1347"},{"taxonomy":"product_tag","embeddable":true,"href":"https:\/\/www.sklepdiagnostyczny.pl\/index.php\/wp-json\/wp\/v2\/product_tag?post=1347"}],"curies":[{"name":"wp","href":"https:\/\/api.w.org\/{rel}","templated":true}]}}